{"id":31,"date":"2025-05-29T11:35:42","date_gmt":"2025-05-29T11:35:42","guid":{"rendered":"https:\/\/starx-signals.com\/erfahrungsberichte\/"},"modified":"2025-10-24T00:39:33","modified_gmt":"2025-10-24T00:39:33","slug":"rapports-dexperience","status":"publish","type":"page","link":"https:\/\/starx-signals.com\/fr\/rapports-dexperience\/","title":{"rendered":"T\u00e9moignages"},"content":{"rendered":"<div class=\"wp-block-group alignfull has-background-background-color has-background has-global-padding is-content-justification-center is-layout-constrained wp-container-core-group-is-layout-e175ef04 wp-block-group-is-layout-constrained\" style=\"border-top-width:1px;margin-top:0;margin-bottom:0;padding-top:var(--wp--preset--spacing--30);padding-right:var(--wp--preset--spacing--30);padding-bottom:var(--wp--preset--spacing--30);padding-left:var(--wp--preset--spacing--30)\">\n<h1 class=\"wp-block-heading alignwide\" style=\"font-size:clamp(0.984rem, 0.984rem + ((1vw - 0.2rem) * 0.86), 1.5rem);\">T\u00e9moignages<\/h1>\n<\/div>\n\n\n\n<div class=\"wp-block-group alignfull has-tertiary-background-color has-background has-global-padding is-layout-constrained wp-container-core-group-is-layout-b8f1cce0 wp-block-group-is-layout-constrained\" id=\"referenzen\" style=\"border-top-width:1px;margin-top:0;margin-bottom:0;padding-top:0;padding-right:var(--wp--preset--spacing--30);padding-bottom:0;padding-left:var(--wp--preset--spacing--30)\">\n<div class=\"wp-block-group alignwide is-layout-flow wp-block-group-is-layout-flow\" style=\"padding-top:var(--wp--preset--spacing--60);padding-bottom:var(--wp--preset--spacing--60)\">\n<p class=\"has-text-align-center has-large-font-size\" style=\"font-style:normal;font-weight:500;line-height:1.3\">Gr\u00e2ce \u00e0 Starx-Signals.com, j'ai consid\u00e9rablement am\u00e9lior\u00e9 mes strat\u00e9gies de trading et je profite de produits num\u00e9riques fiables.<\/p>\n\n\n\n<div class=\"wp-block-group has-global-padding is-layout-constrained wp-container-core-group-is-layout-03abb0ef wp-block-group-is-layout-constrained\">\n<figure class=\"wp-block-image aligncenter is-style-rounded\"><img loading=\"lazy\" decoding=\"async\" width=\"1280\" height=\"1920\" class=\"wp-image-182\" src=\"https:\/\/starx-signals.com\/wp-content\/uploads\/2025\/10\/e8f1aa24e6c7c74ff406f56e62047c6128853718.jpg\" alt=\"\" style=\"aspect-ratio:1;object-fit:cover\" srcset=\"https:\/\/starx-signals.com\/wp-content\/uploads\/2025\/10\/e8f1aa24e6c7c74ff406f56e62047c6128853718.jpg 1280w, https:\/\/starx-signals.com\/wp-content\/uploads\/2025\/10\/e8f1aa24e6c7c74ff406f56e62047c6128853718-200x300.jpg 200w, https:\/\/starx-signals.com\/wp-content\/uploads\/2025\/10\/e8f1aa24e6c7c74ff406f56e62047c6128853718-683x1024.jpg 683w, https:\/\/starx-signals.com\/wp-content\/uploads\/2025\/10\/e8f1aa24e6c7c74ff406f56e62047c6128853718-768x1152.jpg 768w, https:\/\/starx-signals.com\/wp-content\/uploads\/2025\/10\/e8f1aa24e6c7c74ff406f56e62047c6128853718-1024x1536.jpg 1024w, https:\/\/starx-signals.com\/wp-content\/uploads\/2025\/10\/e8f1aa24e6c7c74ff406f56e62047c6128853718-8x12.jpg 8w, https:\/\/starx-signals.com\/wp-content\/uploads\/2025\/10\/e8f1aa24e6c7c74ff406f56e62047c6128853718-300x450.jpg 300w, https:\/\/starx-signals.com\/wp-content\/uploads\/2025\/10\/e8f1aa24e6c7c74ff406f56e62047c6128853718-600x900.jpg 600w\" sizes=\"auto, (max-width: 1280px) 100vw, 1280px\" \/><\/figure>\n<\/div>\n\n\n\n<h4 class=\"wp-block-heading has-text-align-center\" style=\"margin-top:18px;font-size:clamp(14px, 0.875rem + ((1vw - 3.2px) * 0.417), 18px);\">Martin Berger<\/h4>\n\n\n\n<p class=\"has-text-align-center has-small-font-size\" style=\"margin-top:4px\">Les daytraders qui r\u00e9ussissent<\/p>\n<\/div>\n<\/div>\n\n\n\n<div class=\"wp-block-group alignfull has-background-background-color has-background has-global-padding is-layout-constrained wp-container-core-group-is-layout-7d1597ee wp-block-group-is-layout-constrained\" id=\"ueber-uns\" style=\"border-top-width:1px;margin-top:0;margin-bottom:0;padding-top:var(--wp--preset--spacing--60);padding-right:0;padding-bottom:var(--wp--preset--spacing--60);padding-left:0\">\n<div class=\"wp-block-columns alignwide is-layout-flex wp-container-core-columns-is-layout-d0bbbce0 wp-block-columns-is-layout-flex\">\n<div class=\"wp-block-column is-layout-flow wp-block-column-is-layout-flow\">\n<div class=\"wp-block-group has-global-padding is-layout-constrained wp-block-group-is-layout-constrained\" style=\"padding-top:var(--wp--preset--spacing--60);padding-bottom:var(--wp--preset--spacing--60)\">\n<h2 class=\"wp-block-heading\">D\u00e9couvrir des signaux de trading num\u00e9riques innovants<\/h2>\n\n\n\n<p style=\"margin-top:16px\">Starx-Signals.com combine une expertise approfondie et des valeurs orient\u00e9es vers le client pour offrir aux traders des produits num\u00e9riques de haute qualit\u00e9. Notre mission est de faciliter le trading gr\u00e2ce \u00e0 des signaux fiables et de promouvoir un succ\u00e8s durable pour nos utilisateurs et partenaires.<\/p>\n<\/div>\n<\/div>\n\n\n\n<div class=\"wp-block-column is-layout-flow wp-block-column-is-layout-flow\">\n<figure class=\"wp-block-image\"><img loading=\"lazy\" decoding=\"async\" width=\"1280\" height=\"731\" class=\"wp-image-195\" src=\"https:\/\/starx-signals.com\/wp-content\/uploads\/2025\/10\/2093b8b78e5fdf9194d37982715bffb829e54c51.jpg\" alt=\"\" style=\"aspect-ratio:4\/3;object-fit:cover\" srcset=\"https:\/\/starx-signals.com\/wp-content\/uploads\/2025\/10\/2093b8b78e5fdf9194d37982715bffb829e54c51.jpg 1280w, https:\/\/starx-signals.com\/wp-content\/uploads\/2025\/10\/2093b8b78e5fdf9194d37982715bffb829e54c51-300x171.jpg 300w, https:\/\/starx-signals.com\/wp-content\/uploads\/2025\/10\/2093b8b78e5fdf9194d37982715bffb829e54c51-1024x585.jpg 1024w, https:\/\/starx-signals.com\/wp-content\/uploads\/2025\/10\/2093b8b78e5fdf9194d37982715bffb829e54c51-768x439.jpg 768w, https:\/\/starx-signals.com\/wp-content\/uploads\/2025\/10\/2093b8b78e5fdf9194d37982715bffb829e54c51-18x10.jpg 18w, https:\/\/starx-signals.com\/wp-content\/uploads\/2025\/10\/2093b8b78e5fdf9194d37982715bffb829e54c51-600x343.jpg 600w\" sizes=\"auto, (max-width: 1280px) 100vw, 1280px\" \/><\/figure>\n<\/div>\n<\/div>\n<\/div>\n\n\n\n<div class=\"wp-block-group alignfull has-tertiary-background-color has-background has-global-padding is-layout-constrained wp-block-group-is-layout-constrained\" style=\"border-top-width:1px;margin-top:0;margin-bottom:0;padding-top:var(--wp--preset--spacing--60);padding-bottom:var(--wp--preset--spacing--60)\">\n<div class=\"wp-block-media-text alignwide is-stacked-on-mobile is-vertically-aligned-center is-image-fill-element\" style=\"padding-right:0;padding-left:0;grid-template-columns:40% auto\"><figure class=\"wp-block-media-text__media\"><img loading=\"lazy\" decoding=\"async\" width=\"1440\" height=\"960\" class=\"wp-image-181 size-full\" src=\"https:\/\/starx-signals.com\/wp-content\/uploads\/2025\/10\/c26245b8338939cf59fee48286b5c76ddcf9a897.jpg\" alt=\"\" style=\"object-position:50% 50%\" srcset=\"https:\/\/starx-signals.com\/wp-content\/uploads\/2025\/10\/c26245b8338939cf59fee48286b5c76ddcf9a897.jpg 1440w, https:\/\/starx-signals.com\/wp-content\/uploads\/2025\/10\/c26245b8338939cf59fee48286b5c76ddcf9a897-300x200.jpg 300w, https:\/\/starx-signals.com\/wp-content\/uploads\/2025\/10\/c26245b8338939cf59fee48286b5c76ddcf9a897-1024x683.jpg 1024w, https:\/\/starx-signals.com\/wp-content\/uploads\/2025\/10\/c26245b8338939cf59fee48286b5c76ddcf9a897-768x512.jpg 768w, https:\/\/starx-signals.com\/wp-content\/uploads\/2025\/10\/c26245b8338939cf59fee48286b5c76ddcf9a897-18x12.jpg 18w, https:\/\/starx-signals.com\/wp-content\/uploads\/2025\/10\/c26245b8338939cf59fee48286b5c76ddcf9a897-600x400.jpg 600w\" sizes=\"auto, (max-width: 1440px) 100vw, 1440px\" \/><\/figure><div class=\"wp-block-media-text__content\">\n<div class=\"wp-block-group has-global-padding is-content-justification-left is-layout-constrained wp-container-core-group-is-layout-cdff7eec wp-block-group-is-layout-constrained\" style=\"padding-top:var(--wp--preset--spacing--30);padding-right:0;padding-bottom:var(--wp--preset--spacing--30);padding-left:0\">\n<h2 class=\"wp-block-heading has-large-font-size\">Trader avec succ\u00e8s avec Starx-Signals.com<\/h2>\n\n\n\n<p style=\"margin-top:16px\">Profitez d'outils de trading exclusifs et de notre programme d'affiliation pour maximiser vos revenus.<\/p>\n\n\n\n<div class=\"wp-block-buttons is-layout-flex wp-container-core-buttons-is-layout-12dcd427 wp-block-buttons-is-layout-flex\" style=\"margin-top:var(--wp--preset--spacing--40)\">\n<div class=\"wp-block-button\"><a class=\"wp-block-button__link wp-element-button\" href=\"https:\/\/starx-signals.com\/fr\/angebote\/\">D\u00e9couvrir maintenant<\/a><\/div>\n<\/div>\n<\/div>\n<\/div><\/div>\n<\/div>","protected":false},"excerpt":{"rendered":"<p>Erfahrungsberichte Dank Starx-Signals.com habe ich meine Trading-Strategien deutlich verbessert und profitiere von zuverl\u00e4ssigen digitalen Produkten. Martin Berger Erfolgreiche Daytrader Innovative digitale Trading-Signale entdecken Starx-Signals.com b\u00fcndelt fundierte Expertise und kundenorientierte Werte, um Tradern hochwertige digitale Produkte zu bieten. Unsere Mission ist es, den Handel durch zuverl\u00e4ssige Signale zu erleichtern und nachhaltigen Erfolg f\u00fcr unsere Nutzer und [&hellip;]<\/p>\n","protected":false},"author":1,"featured_media":0,"parent":0,"menu_order":0,"comment_status":"closed","ping_status":"closed","template":"no-title","meta":{"om_disable_all_campaigns":false,"_monsterinsights_skip_tracking":false,"_monsterinsights_sitenote_active":false,"_monsterinsights_sitenote_note":"","_monsterinsights_sitenote_category":0,"footnotes":""},"class_list":["post-31","page","type-page","status-publish","hentry"],"aioseo_notices":[],"_links":{"self":[{"href":"https:\/\/starx-signals.com\/fr\/wp-json\/wp\/v2\/pages\/31","targetHints":{"allow":["GET"]}}],"collection":[{"href":"https:\/\/starx-signals.com\/fr\/wp-json\/wp\/v2\/pages"}],"about":[{"href":"https:\/\/starx-signals.com\/fr\/wp-json\/wp\/v2\/types\/page"}],"author":[{"embeddable":true,"href":"https:\/\/starx-signals.com\/fr\/wp-json\/wp\/v2\/users\/1"}],"replies":[{"embeddable":true,"href":"https:\/\/starx-signals.com\/fr\/wp-json\/wp\/v2\/comments?post=31"}],"version-history":[{"count":4,"href":"https:\/\/starx-signals.com\/fr\/wp-json\/wp\/v2\/pages\/31\/revisions"}],"predecessor-version":[{"id":197,"href":"https:\/\/starx-signals.com\/fr\/wp-json\/wp\/v2\/pages\/31\/revisions\/197"}],"wp:attachment":[{"href":"https:\/\/starx-signals.com\/fr\/wp-json\/wp\/v2\/media?parent=31"}],"curies":[{"name":"wp","href":"https:\/\/api.w.org\/{rel}","templated":true}]}}