{"id":28,"date":"2025-05-29T11:35:40","date_gmt":"2025-05-29T11:35:40","guid":{"rendered":"https:\/\/starx-signals.com\/dienstleistungen\/"},"modified":"2025-10-24T00:39:33","modified_gmt":"2025-10-24T00:39:33","slug":"services","status":"publish","type":"page","link":"https:\/\/starx-signals.com\/fr\/services\/","title":{"rendered":"Services"},"content":{"rendered":"<div class=\"wp-block-group alignfull has-background-background-color has-background has-global-padding is-content-justification-center is-layout-constrained wp-container-core-group-is-layout-e175ef04 wp-block-group-is-layout-constrained\" style=\"border-top-width:1px;margin-top:0;margin-bottom:0;padding-top:var(--wp--preset--spacing--30);padding-right:var(--wp--preset--spacing--30);padding-bottom:var(--wp--preset--spacing--30);padding-left:var(--wp--preset--spacing--30)\">\n<h1 class=\"wp-block-heading alignwide\" style=\"font-size:clamp(0.984rem, 0.984rem + ((1vw - 0.2rem) * 0.86), 1.5rem);\">Services<\/h1>\n<\/div>\n\n\n\n<div class=\"wp-block-group alignfull has-tertiary-background-color has-background has-global-padding is-layout-constrained wp-container-core-group-is-layout-7276a2bb wp-block-group-is-layout-constrained\" id=\"dienstleistungen\" style=\"border-top-width:1px;margin-top:0;margin-bottom:0;padding-top:var(--wp--preset--spacing--60);padding-right:var(--wp--preset--spacing--30);padding-bottom:var(--wp--preset--spacing--60);padding-left:var(--wp--preset--spacing--30)\">\n<div class=\"wp-block-group alignwide is-vertical is-layout-flex wp-container-core-group-is-layout-fe9cc265 wp-block-group-is-layout-flex\">\n<div class=\"wp-block-group alignwide has-global-padding is-content-justification-left is-layout-constrained wp-container-core-group-is-layout-8b4c372c wp-block-group-is-layout-constrained\">\n<h2 class=\"wp-block-heading\">Trader avec succ\u00e8s avec Starx-Signals.com<\/h2>\n\n\n\n<p style=\"margin-top:16px\">D\u00e9couvrez nos produits de trading num\u00e9rique qui mettent l'accent sur la qualit\u00e9 et la satisfaction du client.<\/p>\n<\/div>\n<\/div>\n\n\n\n<div class=\"wp-block-columns alignwide is-layout-flex wp-container-core-columns-is-layout-28f84493 wp-block-columns-is-layout-flex\">\n<div class=\"wp-block-column is-layout-flow wp-block-column-is-layout-flow\" style=\"border-width:1px;padding-top:var(--wp--preset--spacing--30);padding-right:var(--wp--preset--spacing--30);padding-bottom:var(--wp--preset--spacing--30);padding-left:var(--wp--preset--spacing--30)\">\n<h3 class=\"wp-block-heading\" style=\"font-size:clamp(14px, 0.875rem + ((1vw - 3.2px) * 0.625), 20px);line-height:1.5\">Signaux de trading Premium<\/h3>\n\n\n\n<p class=\"has-small-font-size\" style=\"margin-top:8px\">Nos signaux premium vous aident \u00e0 analyser le march\u00e9 avec pr\u00e9cision et \u00e0 prendre de meilleures d\u00e9cisions.<\/p>\n<\/div>\n\n\n\n<div class=\"wp-block-column is-layout-flow wp-block-column-is-layout-flow\" style=\"border-width:1px;padding-top:var(--wp--preset--spacing--30);padding-right:var(--wp--preset--spacing--30);padding-bottom:var(--wp--preset--spacing--30);padding-left:var(--wp--preset--spacing--30)\">\n<h3 class=\"wp-block-heading\" style=\"font-size:clamp(14px, 0.875rem + ((1vw - 3.2px) * 0.625), 20px);line-height:1.5\">Programme d'affiliation<\/h3>\n\n\n\n<p class=\"has-small-font-size\" style=\"margin-top:8px\">Profitez de commissions attrayantes gr\u00e2ce \u00e0 notre programme de partenariat transparent et lucratif.<\/p>\n<\/div>\n\n\n\n<div class=\"wp-block-column is-layout-flow wp-block-column-is-layout-flow\" style=\"border-width:1px;padding-top:var(--wp--preset--spacing--30);padding-right:var(--wp--preset--spacing--30);padding-bottom:var(--wp--preset--spacing--30);padding-left:var(--wp--preset--spacing--30)\">\n<h3 class=\"wp-block-heading\" style=\"font-size:clamp(14px, 0.875rem + ((1vw - 3.2px) * 0.625), 20px);line-height:1.5\">Guides de strat\u00e9gie de trading<\/h3>\n\n\n\n<p class=\"has-small-font-size\" style=\"margin-top:8px\">Nos guides proposent des strat\u00e9gies pratiques pour am\u00e9liorer durablement vos r\u00e9sultats de trading.<\/p>\n<\/div>\n<\/div>\n<\/div>\n\n\n\n<div class=\"wp-block-group alignfull has-background-background-color has-background has-global-padding is-layout-constrained wp-container-core-group-is-layout-6fa30f3f wp-block-group-is-layout-constrained\" id=\"funktionen\" style=\"border-top-width:1px;margin-top:0;margin-bottom:0;padding-top:0;padding-right:0;padding-bottom:0;padding-left:0\">\n<div class=\"wp-block-columns alignwide is-layout-flex wp-container-core-columns-is-layout-28232c24 wp-block-columns-is-layout-flex\">\n<div class=\"wp-block-column is-layout-flow wp-block-column-is-layout-flow\" style=\"padding-top:var(--wp--preset--spacing--60);padding-right:var(--wp--preset--spacing--40);padding-bottom:var(--wp--preset--spacing--60);padding-left:var(--wp--preset--spacing--40)\">\n<div class=\"wp-block-group has-global-padding is-content-justification-left is-layout-constrained wp-container-core-group-is-layout-12dd3699 wp-block-group-is-layout-constrained\">\n<h2 class=\"wp-block-heading\">Profitez de notre programme d'affiliation attractif<\/h2>\n\n\n\n<p style=\"margin-top:16px\">D\u00e9couvrez ce qui rend Starx-Signals.com unique : des produits de trading exclusifs et des partenariats flexibles.<\/p>\n<\/div>\n<\/div>\n\n\n\n<div class=\"wp-block-column is-layout-flow wp-container-core-column-is-layout-650d693b wp-block-column-is-layout-flow\" style=\"padding-top:var(--wp--preset--spacing--60);padding-right:var(--wp--preset--spacing--40);padding-bottom:var(--wp--preset--spacing--60);padding-left:var(--wp--preset--spacing--40)\">\n<div class=\"wp-block-group has-global-padding is-content-justification-left is-layout-constrained wp-container-core-group-is-layout-12dd3699 wp-block-group-is-layout-constrained\">\n<h3 class=\"wp-block-heading\" style=\"font-size:clamp(14px, 0.875rem + ((1vw - 3.2px) * 0.625), 20px);line-height:1.5\">Signaux de trading exclusifs<\/h3>\n\n\n\n<p class=\"has-small-font-size\" style=\"margin-top:8px\">Obtenez des signaux de trading pr\u00e9cis et en temps r\u00e9el pour prendre de meilleures d\u00e9cisions de trading.<\/p>\n<\/div>\n\n\n\n<div class=\"wp-block-group has-global-padding is-content-justification-left is-layout-constrained wp-container-core-group-is-layout-12dd3699 wp-block-group-is-layout-constrained\">\n<h3 class=\"wp-block-heading\" style=\"font-size:clamp(14px, 0.875rem + ((1vw - 3.2px) * 0.625), 20px);line-height:1.5\">Une gamme de produits diversifi\u00e9e<\/h3>\n\n\n\n<p class=\"has-small-font-size\" style=\"margin-top:8px\">Choisissez parmi dix produits num\u00e9riques qui contribuent \u00e0 la r\u00e9ussite de votre trading.<\/p>\n<\/div>\n\n\n\n<div class=\"wp-block-group has-global-padding is-content-justification-left is-layout-constrained wp-container-core-group-is-layout-12dd3699 wp-block-group-is-layout-constrained\">\n<h3 class=\"wp-block-heading\" style=\"font-size:clamp(14px, 0.875rem + ((1vw - 3.2px) * 0.625), 20px);line-height:1.5\">Programme d'affiliation attrayant<\/h3>\n\n\n\n<p class=\"has-small-font-size\" style=\"margin-top:8px\">Gagnez de l'argent gr\u00e2ce aux commissions de recommandation avec notre r\u00e9seau de partenaires.<\/p>\n<\/div>\n\n\n\n<div class=\"wp-block-group has-global-padding is-content-justification-left is-layout-constrained wp-container-core-group-is-layout-12dd3699 wp-block-group-is-layout-constrained\">\n<h3 class=\"wp-block-heading\" style=\"font-size:clamp(14px, 0.875rem + ((1vw - 3.2px) * 0.625), 20px);line-height:1.5\">Boutique conviviale<\/h3>\n\n\n\n<p class=\"has-small-font-size\" style=\"margin-top:8px\">Achat facile et t\u00e9l\u00e9chargement s\u00e9curis\u00e9 de tous les produits de trading num\u00e9rique.<\/p>\n<\/div>\n<\/div>\n<\/div>\n<\/div>\n\n\n\n<div class=\"wp-block-group alignfull has-tertiary-background-color has-background has-global-padding is-layout-constrained wp-container-core-group-is-layout-b8f1cce0 wp-block-group-is-layout-constrained\" id=\"referenzen\" style=\"border-top-width:1px;margin-top:0;margin-bottom:0;padding-top:0;padding-right:var(--wp--preset--spacing--30);padding-bottom:0;padding-left:var(--wp--preset--spacing--30)\">\n<div class=\"wp-block-group alignwide is-layout-flow wp-block-group-is-layout-flow\" style=\"padding-top:var(--wp--preset--spacing--60);padding-bottom:var(--wp--preset--spacing--60)\">\n<p class=\"has-text-align-center has-large-font-size\" style=\"font-style:normal;font-weight:500;line-height:1.3\">Nos utilisateurs font \u00e9tat de gains impressionnants et d'un support de qualit\u00e9 qui r\u00e9volutionne le trading de produits num\u00e9riques sur Starx-Signals.com.<\/p>\n\n\n\n<div class=\"wp-block-group has-global-padding is-layout-constrained wp-container-core-group-is-layout-03abb0ef wp-block-group-is-layout-constrained\">\n<figure class=\"wp-block-image aligncenter is-style-rounded\"><img loading=\"lazy\" decoding=\"async\" width=\"1280\" height=\"1920\" class=\"wp-image-182\" src=\"https:\/\/starx-signals.com\/wp-content\/uploads\/2025\/10\/e8f1aa24e6c7c74ff406f56e62047c6128853718.jpg\" alt=\"\" style=\"aspect-ratio:1;object-fit:cover\" srcset=\"https:\/\/starx-signals.com\/wp-content\/uploads\/2025\/10\/e8f1aa24e6c7c74ff406f56e62047c6128853718.jpg 1280w, https:\/\/starx-signals.com\/wp-content\/uploads\/2025\/10\/e8f1aa24e6c7c74ff406f56e62047c6128853718-200x300.jpg 200w, https:\/\/starx-signals.com\/wp-content\/uploads\/2025\/10\/e8f1aa24e6c7c74ff406f56e62047c6128853718-683x1024.jpg 683w, https:\/\/starx-signals.com\/wp-content\/uploads\/2025\/10\/e8f1aa24e6c7c74ff406f56e62047c6128853718-768x1152.jpg 768w, https:\/\/starx-signals.com\/wp-content\/uploads\/2025\/10\/e8f1aa24e6c7c74ff406f56e62047c6128853718-1024x1536.jpg 1024w, https:\/\/starx-signals.com\/wp-content\/uploads\/2025\/10\/e8f1aa24e6c7c74ff406f56e62047c6128853718-8x12.jpg 8w, https:\/\/starx-signals.com\/wp-content\/uploads\/2025\/10\/e8f1aa24e6c7c74ff406f56e62047c6128853718-300x450.jpg 300w, https:\/\/starx-signals.com\/wp-content\/uploads\/2025\/10\/e8f1aa24e6c7c74ff406f56e62047c6128853718-600x900.jpg 600w\" sizes=\"auto, (max-width: 1280px) 100vw, 1280px\" \/><\/figure>\n<\/div>\n\n\n\n<h4 class=\"wp-block-heading has-text-align-center\" style=\"margin-top:18px;font-size:clamp(14px, 0.875rem + ((1vw - 3.2px) * 0.417), 18px);\">Martin Berger<\/h4>\n\n\n\n<p class=\"has-text-align-center has-small-font-size\" style=\"margin-top:4px\">Trader exp\u00e9riment\u00e9<\/p>\n<\/div>\n<\/div>","protected":false},"excerpt":{"rendered":"<p>Dienstleistungen Erfolgreich traden mit Starx-Signals.com Entdecken Sie unsere digitalen Trading-Produkte, die Qualit\u00e4t und Kundenzufriedenheit in den Mittelpunkt stellen. Handelssignale Premium Unsere Premium-Signale helfen Ihnen, den Markt pr\u00e4zise zu analysieren und bessere Entscheidungen zu treffen. Affiliate-Partnerprogramm Profitieren Sie von attraktiven Provisionen durch unser transparentes und lukratives Partnerprogramm. Trading-Strategie Guides Unsere Guides bieten praxisnahe Strategien, um Ihre [&hellip;]<\/p>\n","protected":false},"author":1,"featured_media":0,"parent":0,"menu_order":0,"comment_status":"closed","ping_status":"closed","template":"no-title","meta":{"om_disable_all_campaigns":false,"_monsterinsights_skip_tracking":false,"_monsterinsights_sitenote_active":false,"_monsterinsights_sitenote_note":"","_monsterinsights_sitenote_category":0,"footnotes":""},"class_list":["post-28","page","type-page","status-publish","hentry"],"aioseo_notices":[],"_links":{"self":[{"href":"https:\/\/starx-signals.com\/fr\/wp-json\/wp\/v2\/pages\/28","targetHints":{"allow":["GET"]}}],"collection":[{"href":"https:\/\/starx-signals.com\/fr\/wp-json\/wp\/v2\/pages"}],"about":[{"href":"https:\/\/starx-signals.com\/fr\/wp-json\/wp\/v2\/types\/page"}],"author":[{"embeddable":true,"href":"https:\/\/starx-signals.com\/fr\/wp-json\/wp\/v2\/users\/1"}],"replies":[{"embeddable":true,"href":"https:\/\/starx-signals.com\/fr\/wp-json\/wp\/v2\/comments?post=28"}],"version-history":[{"count":2,"href":"https:\/\/starx-signals.com\/fr\/wp-json\/wp\/v2\/pages\/28\/revisions"}],"predecessor-version":[{"id":194,"href":"https:\/\/starx-signals.com\/fr\/wp-json\/wp\/v2\/pages\/28\/revisions\/194"}],"wp:attachment":[{"href":"https:\/\/starx-signals.com\/fr\/wp-json\/wp\/v2\/media?parent=28"}],"curies":[{"name":"wp","href":"https:\/\/api.w.org\/{rel}","templated":true}]}}