{"id":27,"date":"2025-05-29T11:35:40","date_gmt":"2025-05-29T11:35:40","guid":{"rendered":"https:\/\/starx-signals.com\/preise\/"},"modified":"2025-10-24T00:39:32","modified_gmt":"2025-10-24T00:39:32","slug":"prix","status":"publish","type":"page","link":"https:\/\/starx-signals.com\/fr\/prix\/","title":{"rendered":"Prix"},"content":{"rendered":"<div class=\"wp-block-group alignfull has-background-background-color has-background has-global-padding is-content-justification-center is-layout-constrained wp-container-core-group-is-layout-e175ef04 wp-block-group-is-layout-constrained\" style=\"border-top-width:1px;margin-top:0;margin-bottom:0;padding-top:var(--wp--preset--spacing--30);padding-right:var(--wp--preset--spacing--30);padding-bottom:var(--wp--preset--spacing--30);padding-left:var(--wp--preset--spacing--30)\">\n<h1 class=\"wp-block-heading alignwide\" style=\"font-size:clamp(0.984rem, 0.984rem + ((1vw - 0.2rem) * 0.86), 1.5rem);\">Prix<\/h1>\n<\/div>\n\n<div class=\"wp-block-group alignfull has-tertiary-background-color has-background has-global-padding is-layout-constrained wp-block-group-is-layout-constrained\" id=\"preise\" style=\"border-top-width:1px;margin-top:0;margin-bottom:0;padding-top:var(--wp--preset--spacing--60);padding-bottom:var(--wp--preset--spacing--60)\">\n<div class=\"wp-block-columns alignwide is-layout-flex wp-container-core-columns-is-layout-173634d6 wp-block-columns-is-layout-flex\">\n<div class=\"wp-block-column is-layout-flow wp-block-column-is-layout-flow\">\n<div class=\"wp-block-group has-global-padding is-content-justification-left is-layout-constrained wp-container-core-group-is-layout-12dd3699 wp-block-group-is-layout-constrained\">\n<h2 class=\"wp-block-heading\">Profitez d\u00e8s maintenant de notre programme de partenariat<\/h2>\n\n\n\n<p style=\"margin-top:16px\">Vous trouverez ici toutes les informations importantes sur nos prix.<\/p>\n<\/div>\n<\/div>\n\n\n\n<div class=\"wp-block-column is-layout-flow wp-block-column-is-layout-flow\">\n<h3 class=\"wp-block-heading\">39,90 \u20ac<\/h3>\n\n\n\n<h3 class=\"wp-block-heading\" style=\"margin-top:16px;font-size:clamp(14px, 0.875rem + ((1vw - 3.2px) * 0.625), 20px);\">Kit de d\u00e9marrage<\/h3>\n\n\n\n<p class=\"has-small-font-size\" style=\"margin-top:2px\">Une entr\u00e9e parfaite dans le domaine du trading num\u00e9rique.<\/p>\n\n\n\n<ul style=\"margin-top:var(--wp--preset--spacing--30);padding-left:24px;line-height:2\" class=\"wp-block-list has-small-font-size\">\n<li>Signaux du march\u00e9 en temps r\u00e9el<\/li>\n\n\n\n<li>Mises \u00e0 jour quotidiennes des analyses<\/li>\n\n\n\n<li>Conseils de trading exclusifs<\/li>\n\n\n\n<li>Alertes automatis\u00e9es<\/li>\n\n\n\n<li>Acc\u00e8s \u00e0 la communaut\u00e9<\/li>\n<\/ul>\n\n\n\n<div class=\"wp-block-buttons is-layout-flex wp-block-buttons-is-layout-flex\" style=\"margin-top:var(--wp--preset--spacing--40)\">\n<div class=\"wp-block-button has-custom-width wp-block-button__width-100\"><a class=\"wp-block-button__link wp-element-button\" href=\"https:\/\/starx-signals.com\/fr\/contact\/\">Commencer maintenant<\/a><\/div>\n<\/div>\n<\/div>\n\n\n\n<div class=\"wp-block-column is-layout-flow wp-block-column-is-layout-flow\">\n<h3 class=\"wp-block-heading\">59,90 \u20ac<\/h3>\n\n\n\n<h3 class=\"wp-block-heading\" style=\"margin-top:16px;font-size:clamp(14px, 0.875rem + ((1vw - 3.2px) * 0.625), 20px);\">Paquet professionnel<\/h3>\n\n\n\n<p class=\"has-small-font-size\" style=\"margin-top:2px\">Signaux avanc\u00e9s et conseils personnalis\u00e9s inclus.<\/p>\n\n\n\n<ul style=\"margin-top:var(--wp--preset--spacing--30);padding-left:24px;line-height:2\" class=\"wp-block-list has-small-font-size\">\n<li>Strat\u00e9gies de march\u00e9 exclusives<\/li>\n\n\n\n<li>Support prioritaire<\/li>\n\n\n\n<li>Mises \u00e0 jour quotidiennes des analyses<\/li>\n\n\n\n<li>Signaux du march\u00e9 en temps r\u00e9el<\/li>\n\n\n\n<li>Alertes automatis\u00e9es<\/li>\n<\/ul>\n\n\n\n<div class=\"wp-block-buttons is-layout-flex wp-block-buttons-is-layout-flex\" style=\"margin-top:var(--wp--preset--spacing--40)\">\n<div class=\"wp-block-button has-custom-width wp-block-button__width-100\"><a class=\"wp-block-button__link wp-element-button\" href=\"https:\/\/starx-signals.com\/fr\/contact\/\">Commencer maintenant<\/a><\/div>\n<\/div>\n<\/div>\n<\/div>\n<\/div>\n\n<div class=\"wp-block-group alignfull has-background-background-color has-background has-global-padding is-layout-constrained wp-container-core-group-is-layout-6fa30f3f wp-block-group-is-layout-constrained\" id=\"funktionen\" style=\"border-top-width:1px;margin-top:0;margin-bottom:0;padding-top:0;padding-right:0;padding-bottom:0;padding-left:0\">\n<div class=\"wp-block-columns alignwide is-layout-flex wp-container-core-columns-is-layout-28232c24 wp-block-columns-is-layout-flex\">\n<div class=\"wp-block-column is-layout-flow wp-block-column-is-layout-flow\" style=\"padding-top:var(--wp--preset--spacing--60);padding-right:var(--wp--preset--spacing--40);padding-bottom:var(--wp--preset--spacing--60);padding-left:var(--wp--preset--spacing--40)\">\n<div class=\"wp-block-group has-global-padding is-content-justification-left is-layout-constrained wp-container-core-group-is-layout-12dd3699 wp-block-group-is-layout-constrained\">\n<h2 class=\"wp-block-heading\">Augmentez vos b\u00e9n\u00e9fices gr\u00e2ce \u00e0 notre programme d'affiliation exclusif<\/h2>\n\n\n\n<p style=\"margin-top:16px\">D\u00e9couvrez les avantages uniques de nos produits de trading num\u00e9rique, qui vous permettront de mieux r\u00e9ussir vos transactions et vous offriront une r\u00e9elle valeur ajout\u00e9e.<\/p>\n<\/div>\n<\/div>\n\n\n\n<div class=\"wp-block-column is-layout-flow wp-container-core-column-is-layout-650d693b wp-block-column-is-layout-flow\" style=\"padding-top:var(--wp--preset--spacing--60);padding-right:var(--wp--preset--spacing--40);padding-bottom:var(--wp--preset--spacing--60);padding-left:var(--wp--preset--spacing--40)\">\n<div class=\"wp-block-group has-global-padding is-content-justification-left is-layout-constrained wp-container-core-group-is-layout-12dd3699 wp-block-group-is-layout-constrained\">\n<h3 class=\"wp-block-heading\" style=\"font-size:clamp(14px, 0.875rem + ((1vw - 3.2px) * 0.625), 20px);line-height:1.5\">Des analyses innovantes<\/h3>\n\n\n\n<p class=\"has-small-font-size\" style=\"margin-top:8px\">B\u00e9n\u00e9ficiez d'analyses de march\u00e9 pr\u00e9cises qui vous permettent de prendre des d\u00e9cisions de trading en toute connaissance de cause.<\/p>\n<\/div>\n\n\n\n<div class=\"wp-block-group has-global-padding is-content-justification-left is-layout-constrained wp-container-core-group-is-layout-12dd3699 wp-block-group-is-layout-constrained\">\n<h3 class=\"wp-block-heading\" style=\"font-size:clamp(14px, 0.875rem + ((1vw - 3.2px) * 0.625), 20px);line-height:1.5\">Signaux en temps r\u00e9el<\/h3>\n\n\n\n<p class=\"has-small-font-size\" style=\"margin-top:8px\">Recevez des notifications instantan\u00e9es sur les opportunit\u00e9s de trading directement sur votre appareil.<\/p>\n<\/div>\n\n\n\n<div class=\"wp-block-group has-global-padding is-content-justification-left is-layout-constrained wp-container-core-group-is-layout-12dd3699 wp-block-group-is-layout-constrained\">\n<h3 class=\"wp-block-heading\" style=\"font-size:clamp(14px, 0.875rem + ((1vw - 3.2px) * 0.625), 20px);line-height:1.5\">Support client 24h\/24 et 7j\/7<\/h3>\n\n\n\n<p class=\"has-small-font-size\" style=\"margin-top:8px\">Notre \u00e9quipe est toujours pr\u00eate \u00e0 vous aider et \u00e0 r\u00e9pondre \u00e0 vos questions.<\/p>\n<\/div>\n\n\n\n<div class=\"wp-block-group has-global-padding is-content-justification-left is-layout-constrained wp-container-core-group-is-layout-12dd3699 wp-block-group-is-layout-constrained\">\n<h3 class=\"wp-block-heading\" style=\"font-size:clamp(14px, 0.875rem + ((1vw - 3.2px) * 0.625), 20px);line-height:1.5\">Plate-forme conviviale<\/h3>\n\n\n\n<p class=\"has-small-font-size\" style=\"margin-top:8px\">Profitez d'une interface intuitive qui rend l'acc\u00e8s \u00e0 nos produits particuli\u00e8rement facile.<\/p>\n<\/div>\n<\/div>\n<\/div>\n<\/div>\n\n<div class=\"wp-block-group alignfull has-tertiary-background-color has-background has-global-padding is-layout-constrained wp-container-core-group-is-layout-5d554796 wp-block-group-is-layout-constrained\" style=\"border-top-width:1px;margin-top:0;margin-bottom:0;padding-top:var(--wp--preset--spacing--60);padding-right:0;padding-bottom:var(--wp--preset--spacing--60);padding-left:0\">\n<div class=\"wp-block-columns alignwide are-vertically-aligned-center is-layout-flex wp-container-core-columns-is-layout-47c06fe3 wp-block-columns-is-layout-flex\">\n<div class=\"wp-block-column is-vertically-aligned-center is-layout-flow wp-block-column-is-layout-flow\">\n<figure class=\"wp-block-image aligncenter\"><img loading=\"lazy\" decoding=\"async\" width=\"1440\" height=\"960\" class=\"wp-image-191\" src=\"https:\/\/starx-signals.com\/wp-content\/uploads\/2025\/10\/afe41adbf1ae0240ae1f8943575e981c9c1b557e.jpg\" alt=\"\" style=\"aspect-ratio:1;object-fit:cover\" srcset=\"https:\/\/starx-signals.com\/wp-content\/uploads\/2025\/10\/afe41adbf1ae0240ae1f8943575e981c9c1b557e.jpg 1440w, https:\/\/starx-signals.com\/wp-content\/uploads\/2025\/10\/afe41adbf1ae0240ae1f8943575e981c9c1b557e-300x200.jpg 300w, https:\/\/starx-signals.com\/wp-content\/uploads\/2025\/10\/afe41adbf1ae0240ae1f8943575e981c9c1b557e-1024x683.jpg 1024w, https:\/\/starx-signals.com\/wp-content\/uploads\/2025\/10\/afe41adbf1ae0240ae1f8943575e981c9c1b557e-768x512.jpg 768w, https:\/\/starx-signals.com\/wp-content\/uploads\/2025\/10\/afe41adbf1ae0240ae1f8943575e981c9c1b557e-18x12.jpg 18w, https:\/\/starx-signals.com\/wp-content\/uploads\/2025\/10\/afe41adbf1ae0240ae1f8943575e981c9c1b557e-600x400.jpg 600w\" sizes=\"auto, (max-width: 1440px) 100vw, 1440px\" \/><\/figure>\n\n\n\n<h6 class=\"wp-block-heading has-text-align-center\" style=\"margin-top:16px\">Des outils num\u00e9riques pour la r\u00e9ussite de votre trading<\/h6>\n<\/div>\n\n\n\n<div class=\"wp-block-column is-vertically-aligned-center is-layout-flow wp-block-column-is-layout-flow\">\n<div class=\"wp-block-group has-global-padding is-content-justification-left is-layout-constrained wp-container-core-group-is-layout-12dd3699 wp-block-group-is-layout-constrained\">\n<h2 class=\"wp-block-heading\">Am\u00e9liorez vos r\u00e9sultats de trading d\u00e8s maintenant<\/h2>\n\n\n\n<p style=\"margin-top:16px\">D\u00e9couvrez nos plans tarifaires avec des avantages clairs pour votre succ\u00e8s.<\/p>\n\n\n\n<div class=\"wp-block-buttons is-layout-flex wp-container-core-buttons-is-layout-12dcd427 wp-block-buttons-is-layout-flex\" style=\"margin-top:var(--wp--preset--spacing--40)\">\n<div class=\"wp-block-button\"><a class=\"wp-block-button__link wp-element-button\" href=\"https:\/\/starx-signals.com\/fr\/angebote\/\">D\u00e9couvrir maintenant<\/a><\/div>\n<\/div>\n<\/div>\n<\/div>\n<\/div>\n<\/div>","protected":false},"excerpt":{"rendered":"<p>Preise Profitieren Sie jetzt von unserem Partnerprogramm Hier finden Sie alle wichtigen Informationen zu unseren Preisen. 39,90 \u20ac Starter-Paket Perfekter Einstieg in den digitalen Tradingbereich. 59,90 \u20ac Profi-Paket Erweiterte Signale und individuelle Beratung inklusive. Steigern Sie Ihre Gewinne mit unserem exklusiven Affiliate-Programm Entdecken Sie die einzigartigen Vorteile unserer digitalen Tradingprodukte, die Sie beim Handel erfolgreicher [&hellip;]<\/p>\n","protected":false},"author":1,"featured_media":0,"parent":0,"menu_order":0,"comment_status":"closed","ping_status":"closed","template":"no-title","meta":{"om_disable_all_campaigns":false,"_monsterinsights_skip_tracking":false,"_monsterinsights_sitenote_active":false,"_monsterinsights_sitenote_note":"","_monsterinsights_sitenote_category":0,"footnotes":""},"class_list":["post-27","page","type-page","status-publish","hentry"],"aioseo_notices":[],"_links":{"self":[{"href":"https:\/\/starx-signals.com\/fr\/wp-json\/wp\/v2\/pages\/27","targetHints":{"allow":["GET"]}}],"collection":[{"href":"https:\/\/starx-signals.com\/fr\/wp-json\/wp\/v2\/pages"}],"about":[{"href":"https:\/\/starx-signals.com\/fr\/wp-json\/wp\/v2\/types\/page"}],"author":[{"embeddable":true,"href":"https:\/\/starx-signals.com\/fr\/wp-json\/wp\/v2\/users\/1"}],"replies":[{"embeddable":true,"href":"https:\/\/starx-signals.com\/fr\/wp-json\/wp\/v2\/comments?post=27"}],"version-history":[{"count":2,"href":"https:\/\/starx-signals.com\/fr\/wp-json\/wp\/v2\/pages\/27\/revisions"}],"predecessor-version":[{"id":193,"href":"https:\/\/starx-signals.com\/fr\/wp-json\/wp\/v2\/pages\/27\/revisions\/193"}],"wp:attachment":[{"href":"https:\/\/starx-signals.com\/fr\/wp-json\/wp\/v2\/media?parent=27"}],"curies":[{"name":"wp","href":"https:\/\/api.w.org\/{rel}","templated":true}]}}