{"id":27,"date":"2025-05-29T11:35:40","date_gmt":"2025-05-29T11:35:40","guid":{"rendered":"https:\/\/starx-signals.com\/preise\/"},"modified":"2025-10-24T00:39:32","modified_gmt":"2025-10-24T00:39:32","slug":"precios","status":"publish","type":"page","link":"https:\/\/starx-signals.com\/es\/precios\/","title":{"rendered":"Precios"},"content":{"rendered":"<div class=\"wp-block-group alignfull has-background-background-color has-background has-global-padding is-content-justification-center is-layout-constrained wp-container-core-group-is-layout-e175ef04 wp-block-group-is-layout-constrained\" style=\"border-top-width:1px;margin-top:0;margin-bottom:0;padding-top:var(--wp--preset--spacing--30);padding-right:var(--wp--preset--spacing--30);padding-bottom:var(--wp--preset--spacing--30);padding-left:var(--wp--preset--spacing--30)\">\n<h1 class=\"wp-block-heading alignwide\" style=\"font-size:clamp(0.984rem, 0.984rem + ((1vw - 0.2rem) * 0.86), 1.5rem);\">Precios<\/h1>\n<\/div>\n\n<div class=\"wp-block-group alignfull has-tertiary-background-color has-background has-global-padding is-layout-constrained wp-block-group-is-layout-constrained\" id=\"preise\" style=\"border-top-width:1px;margin-top:0;margin-bottom:0;padding-top:var(--wp--preset--spacing--60);padding-bottom:var(--wp--preset--spacing--60)\">\n<div class=\"wp-block-columns alignwide is-layout-flex wp-container-core-columns-is-layout-173634d6 wp-block-columns-is-layout-flex\">\n<div class=\"wp-block-column is-layout-flow wp-block-column-is-layout-flow\">\n<div class=\"wp-block-group has-global-padding is-content-justification-left is-layout-constrained wp-container-core-group-is-layout-12dd3699 wp-block-group-is-layout-constrained\">\n<h2 class=\"wp-block-heading\">Benef\u00edciese ahora de nuestro programa de socios<\/h2>\n\n\n\n<p style=\"margin-top:16px\">Aqu\u00ed encontrar\u00e1 toda la informaci\u00f3n importante sobre nuestros precios.<\/p>\n<\/div>\n<\/div>\n\n\n\n<div class=\"wp-block-column is-layout-flow wp-block-column-is-layout-flow\">\n<h3 class=\"wp-block-heading\">39,90 \u20ac<\/h3>\n\n\n\n<h3 class=\"wp-block-heading\" style=\"margin-top:16px;font-size:clamp(14px, 0.875rem + ((1vw - 3.2px) * 0.625), 20px);\">Paquete de inicio<\/h3>\n\n\n\n<p class=\"has-small-font-size\" style=\"margin-top:2px\">La introducci\u00f3n perfecta al comercio digital.<\/p>\n\n\n\n<ul style=\"margin-top:var(--wp--preset--spacing--30);padding-left:24px;line-height:2\" class=\"wp-block-list has-small-font-size\">\n<li>Se\u00f1ales del mercado en tiempo real<\/li>\n\n\n\n<li>Actualizaciones diarias de los an\u00e1lisis<\/li>\n\n\n\n<li>Consejos comerciales exclusivos<\/li>\n\n\n\n<li>Alertas autom\u00e1ticas<\/li>\n\n\n\n<li>Acceso a la comunidad<\/li>\n<\/ul>\n\n\n\n<div class=\"wp-block-buttons is-layout-flex wp-block-buttons-is-layout-flex\" style=\"margin-top:var(--wp--preset--spacing--40)\">\n<div class=\"wp-block-button has-custom-width wp-block-button__width-100\"><a class=\"wp-block-button__link wp-element-button\" href=\"https:\/\/starx-signals.com\/es\/pongase-en-contacto-con\/\">Empezar ahora<\/a><\/div>\n<\/div>\n<\/div>\n\n\n\n<div class=\"wp-block-column is-layout-flow wp-block-column-is-layout-flow\">\n<h3 class=\"wp-block-heading\">59,90 \u20ac<\/h3>\n\n\n\n<h3 class=\"wp-block-heading\" style=\"margin-top:16px;font-size:clamp(14px, 0.875rem + ((1vw - 3.2px) * 0.625), 20px);\">Paquete profesional<\/h3>\n\n\n\n<p class=\"has-small-font-size\" style=\"margin-top:2px\">Se\u00f1ales ampliadas y asesoramiento personalizado incluidos.<\/p>\n\n\n\n<ul style=\"margin-top:var(--wp--preset--spacing--30);padding-left:24px;line-height:2\" class=\"wp-block-list has-small-font-size\">\n<li>Estrategias de mercado exclusivas<\/li>\n\n\n\n<li>Apoyo prioritario<\/li>\n\n\n\n<li>Actualizaciones diarias de los an\u00e1lisis<\/li>\n\n\n\n<li>Se\u00f1ales del mercado en tiempo real<\/li>\n\n\n\n<li>Alertas autom\u00e1ticas<\/li>\n<\/ul>\n\n\n\n<div class=\"wp-block-buttons is-layout-flex wp-block-buttons-is-layout-flex\" style=\"margin-top:var(--wp--preset--spacing--40)\">\n<div class=\"wp-block-button has-custom-width wp-block-button__width-100\"><a class=\"wp-block-button__link wp-element-button\" href=\"https:\/\/starx-signals.com\/es\/pongase-en-contacto-con\/\">Empezar ahora<\/a><\/div>\n<\/div>\n<\/div>\n<\/div>\n<\/div>\n\n<div class=\"wp-block-group alignfull has-background-background-color has-background has-global-padding is-layout-constrained wp-container-core-group-is-layout-6fa30f3f wp-block-group-is-layout-constrained\" id=\"funktionen\" style=\"border-top-width:1px;margin-top:0;margin-bottom:0;padding-top:0;padding-right:0;padding-bottom:0;padding-left:0\">\n<div class=\"wp-block-columns alignwide is-layout-flex wp-container-core-columns-is-layout-28232c24 wp-block-columns-is-layout-flex\">\n<div class=\"wp-block-column is-layout-flow wp-block-column-is-layout-flow\" style=\"padding-top:var(--wp--preset--spacing--60);padding-right:var(--wp--preset--spacing--40);padding-bottom:var(--wp--preset--spacing--60);padding-left:var(--wp--preset--spacing--40)\">\n<div class=\"wp-block-group has-global-padding is-content-justification-left is-layout-constrained wp-container-core-group-is-layout-12dd3699 wp-block-group-is-layout-constrained\">\n<h2 class=\"wp-block-heading\">Aumente sus beneficios con nuestro exclusivo programa de afiliados<\/h2>\n\n\n\n<p style=\"margin-top:16px\">Descubra las ventajas \u00fanicas de nuestros productos digitales de trading que le permitir\u00e1n tener m\u00e1s \u00e9xito en sus operaciones y le ofrecer\u00e1n un aut\u00e9ntico valor a\u00f1adido.<\/p>\n<\/div>\n<\/div>\n\n\n\n<div class=\"wp-block-column is-layout-flow wp-container-core-column-is-layout-650d693b wp-block-column-is-layout-flow\" style=\"padding-top:var(--wp--preset--spacing--60);padding-right:var(--wp--preset--spacing--40);padding-bottom:var(--wp--preset--spacing--60);padding-left:var(--wp--preset--spacing--40)\">\n<div class=\"wp-block-group has-global-padding is-content-justification-left is-layout-constrained wp-container-core-group-is-layout-12dd3699 wp-block-group-is-layout-constrained\">\n<h3 class=\"wp-block-heading\" style=\"font-size:clamp(14px, 0.875rem + ((1vw - 3.2px) * 0.625), 20px);line-height:1.5\">An\u00e1lisis innovadores<\/h3>\n\n\n\n<p class=\"has-small-font-size\" style=\"margin-top:8px\">Benef\u00edciese de an\u00e1lisis de mercado precisos que le permitir\u00e1n tomar decisiones comerciales bien fundadas.<\/p>\n<\/div>\n\n\n\n<div class=\"wp-block-group has-global-padding is-content-justification-left is-layout-constrained wp-container-core-group-is-layout-12dd3699 wp-block-group-is-layout-constrained\">\n<h3 class=\"wp-block-heading\" style=\"font-size:clamp(14px, 0.875rem + ((1vw - 3.2px) * 0.625), 20px);line-height:1.5\">Se\u00f1ales en tiempo real<\/h3>\n\n\n\n<p class=\"has-small-font-size\" style=\"margin-top:8px\">Reciba notificaciones instant\u00e1neas sobre oportunidades de negociaci\u00f3n directamente en su dispositivo.<\/p>\n<\/div>\n\n\n\n<div class=\"wp-block-group has-global-padding is-content-justification-left is-layout-constrained wp-container-core-group-is-layout-12dd3699 wp-block-group-is-layout-constrained\">\n<h3 class=\"wp-block-heading\" style=\"font-size:clamp(14px, 0.875rem + ((1vw - 3.2px) * 0.625), 20px);line-height:1.5\">Atenci\u00f3n al cliente 24 horas al d\u00eda, 7 d\u00edas a la semana<\/h3>\n\n\n\n<p class=\"has-small-font-size\" style=\"margin-top:8px\">Nuestro equipo est\u00e1 siempre a su disposici\u00f3n para ayudarle y aconsejarle.<\/p>\n<\/div>\n\n\n\n<div class=\"wp-block-group has-global-padding is-content-justification-left is-layout-constrained wp-container-core-group-is-layout-12dd3699 wp-block-group-is-layout-constrained\">\n<h3 class=\"wp-block-heading\" style=\"font-size:clamp(14px, 0.875rem + ((1vw - 3.2px) * 0.625), 20px);line-height:1.5\">Plataforma f\u00e1cil de usar<\/h3>\n\n\n\n<p class=\"has-small-font-size\" style=\"margin-top:8px\">Utilice una interfaz intuitiva que facilita especialmente el acceso a nuestros productos.<\/p>\n<\/div>\n<\/div>\n<\/div>\n<\/div>\n\n<div class=\"wp-block-group alignfull has-tertiary-background-color has-background has-global-padding is-layout-constrained wp-container-core-group-is-layout-5d554796 wp-block-group-is-layout-constrained\" style=\"border-top-width:1px;margin-top:0;margin-bottom:0;padding-top:var(--wp--preset--spacing--60);padding-right:0;padding-bottom:var(--wp--preset--spacing--60);padding-left:0\">\n<div class=\"wp-block-columns alignwide are-vertically-aligned-center is-layout-flex wp-container-core-columns-is-layout-47c06fe3 wp-block-columns-is-layout-flex\">\n<div class=\"wp-block-column is-vertically-aligned-center is-layout-flow wp-block-column-is-layout-flow\">\n<figure class=\"wp-block-image aligncenter\"><img loading=\"lazy\" decoding=\"async\" width=\"1440\" height=\"960\" class=\"wp-image-191\" src=\"https:\/\/starx-signals.com\/wp-content\/uploads\/2025\/10\/afe41adbf1ae0240ae1f8943575e981c9c1b557e.jpg\" alt=\"\" style=\"aspect-ratio:1;object-fit:cover\" srcset=\"https:\/\/starx-signals.com\/wp-content\/uploads\/2025\/10\/afe41adbf1ae0240ae1f8943575e981c9c1b557e.jpg 1440w, https:\/\/starx-signals.com\/wp-content\/uploads\/2025\/10\/afe41adbf1ae0240ae1f8943575e981c9c1b557e-300x200.jpg 300w, https:\/\/starx-signals.com\/wp-content\/uploads\/2025\/10\/afe41adbf1ae0240ae1f8943575e981c9c1b557e-1024x683.jpg 1024w, https:\/\/starx-signals.com\/wp-content\/uploads\/2025\/10\/afe41adbf1ae0240ae1f8943575e981c9c1b557e-768x512.jpg 768w, https:\/\/starx-signals.com\/wp-content\/uploads\/2025\/10\/afe41adbf1ae0240ae1f8943575e981c9c1b557e-18x12.jpg 18w, https:\/\/starx-signals.com\/wp-content\/uploads\/2025\/10\/afe41adbf1ae0240ae1f8943575e981c9c1b557e-600x400.jpg 600w\" sizes=\"auto, (max-width: 1440px) 100vw, 1440px\" \/><\/figure>\n\n\n\n<h6 class=\"wp-block-heading has-text-align-center\" style=\"margin-top:16px\">Herramientas digitales para su \u00e9xito comercial<\/h6>\n<\/div>\n\n\n\n<div class=\"wp-block-column is-vertically-aligned-center is-layout-flow wp-block-column-is-layout-flow\">\n<div class=\"wp-block-group has-global-padding is-content-justification-left is-layout-constrained wp-container-core-group-is-layout-12dd3699 wp-block-group-is-layout-constrained\">\n<h2 class=\"wp-block-heading\">Mejore ya sus resultados comerciales<\/h2>\n\n\n\n<p style=\"margin-top:16px\">Descubra nuestros planes de precios con claras ventajas para su \u00e9xito.<\/p>\n\n\n\n<div class=\"wp-block-buttons is-layout-flex wp-container-core-buttons-is-layout-12dcd427 wp-block-buttons-is-layout-flex\" style=\"margin-top:var(--wp--preset--spacing--40)\">\n<div class=\"wp-block-button\"><a class=\"wp-block-button__link wp-element-button\" href=\"https:\/\/starx-signals.com\/es\/angebote\/\">Desc\u00fabrelo ahora<\/a><\/div>\n<\/div>\n<\/div>\n<\/div>\n<\/div>\n<\/div>","protected":false},"excerpt":{"rendered":"<p>Preise Profitieren Sie jetzt von unserem Partnerprogramm Hier finden Sie alle wichtigen Informationen zu unseren Preisen. 39,90 \u20ac Starter-Paket Perfekter Einstieg in den digitalen Tradingbereich. 59,90 \u20ac Profi-Paket Erweiterte Signale und individuelle Beratung inklusive. Steigern Sie Ihre Gewinne mit unserem exklusiven Affiliate-Programm Entdecken Sie die einzigartigen Vorteile unserer digitalen Tradingprodukte, die Sie beim Handel erfolgreicher [&hellip;]<\/p>\n","protected":false},"author":1,"featured_media":0,"parent":0,"menu_order":0,"comment_status":"closed","ping_status":"closed","template":"no-title","meta":{"om_disable_all_campaigns":false,"_monsterinsights_skip_tracking":false,"_monsterinsights_sitenote_active":false,"_monsterinsights_sitenote_note":"","_monsterinsights_sitenote_category":0,"footnotes":""},"class_list":["post-27","page","type-page","status-publish","hentry"],"aioseo_notices":[],"_links":{"self":[{"href":"https:\/\/starx-signals.com\/es\/wp-json\/wp\/v2\/pages\/27","targetHints":{"allow":["GET"]}}],"collection":[{"href":"https:\/\/starx-signals.com\/es\/wp-json\/wp\/v2\/pages"}],"about":[{"href":"https:\/\/starx-signals.com\/es\/wp-json\/wp\/v2\/types\/page"}],"author":[{"embeddable":true,"href":"https:\/\/starx-signals.com\/es\/wp-json\/wp\/v2\/users\/1"}],"replies":[{"embeddable":true,"href":"https:\/\/starx-signals.com\/es\/wp-json\/wp\/v2\/comments?post=27"}],"version-history":[{"count":2,"href":"https:\/\/starx-signals.com\/es\/wp-json\/wp\/v2\/pages\/27\/revisions"}],"predecessor-version":[{"id":193,"href":"https:\/\/starx-signals.com\/es\/wp-json\/wp\/v2\/pages\/27\/revisions\/193"}],"wp:attachment":[{"href":"https:\/\/starx-signals.com\/es\/wp-json\/wp\/v2\/media?parent=27"}],"curies":[{"name":"wp","href":"https:\/\/api.w.org\/{rel}","templated":true}]}}