{"id":26,"date":"2025-05-29T11:35:39","date_gmt":"2025-05-29T11:35:39","guid":{"rendered":"https:\/\/starx-signals.com\/faq\/"},"modified":"2025-10-24T00:39:32","modified_gmt":"2025-10-24T00:39:32","slug":"faq","status":"publish","type":"page","link":"https:\/\/starx-signals.com\/es\/faq\/","title":{"rendered":"PREGUNTAS FRECUENTES"},"content":{"rendered":"<div class=\"wp-block-group alignfull has-background-background-color has-background has-global-padding is-content-justification-center is-layout-constrained wp-container-core-group-is-layout-e175ef04 wp-block-group-is-layout-constrained\" style=\"border-top-width:1px;margin-top:0;margin-bottom:0;padding-top:var(--wp--preset--spacing--30);padding-right:var(--wp--preset--spacing--30);padding-bottom:var(--wp--preset--spacing--30);padding-left:var(--wp--preset--spacing--30)\">\n<h1 class=\"wp-block-heading alignwide\" style=\"font-size:clamp(0.984rem, 0.984rem + ((1vw - 0.2rem) * 0.86), 1.5rem);\">PREGUNTAS FRECUENTES<\/h1>\n<\/div>\n\n<div class=\"wp-block-group alignfull has-tertiary-background-color has-background has-global-padding is-layout-constrained wp-container-core-group-is-layout-7d1597ee wp-block-group-is-layout-constrained\" id=\"h\u00e4ufig-gestellte-fragen\" style=\"border-top-width:1px;margin-top:0;margin-bottom:0;padding-top:var(--wp--preset--spacing--60);padding-right:0;padding-bottom:var(--wp--preset--spacing--60);padding-left:0\">\n<div class=\"wp-block-columns alignwide is-layout-flex wp-container-core-columns-is-layout-9a01b68c wp-block-columns-is-layout-flex\">\n<div class=\"wp-block-column is-layout-flow wp-block-column-is-layout-flow\">\n<div class=\"wp-block-group has-global-padding is-layout-constrained wp-block-group-is-layout-constrained\">\n<h2 class=\"wp-block-heading\">Se\u00f1ales y herramientas de negociaci\u00f3n digital<\/h2>\n\n\n\n<p style=\"margin-top:16px\">Descubra aqu\u00ed c\u00f3mo puede seleccionar r\u00e1pidamente nuestros productos comerciales y beneficiarse de nuestro programa de afiliaci\u00f3n.<\/p>\n<\/div>\n<\/div>\n\n\n\n<div class=\"wp-block-column is-layout-flow wp-block-column-is-layout-flow\">\n<div class=\"wp-block-group has-global-padding is-layout-constrained wp-block-group-is-layout-constrained\">\n<div class=\"wp-block-group is-layout-flow wp-block-group-is-layout-flow\">\n<h4 class=\"wp-block-heading has-medium-font-size\">\u00bfQu\u00e9 ofrece Starx-Signals.com en el \u00e1rea de negociaci\u00f3n?<\/h4>\n\n\n\n<p class=\"has-small-font-size\" style=\"margin-top:12px\">Ofrecemos una selecci\u00f3n de diez productos digitales para comerciantes, as\u00ed como un atractivo programa de socios.<\/p>\n<\/div>\n\n\n\n<div class=\"wp-block-group is-layout-flow wp-block-group-is-layout-flow\">\n<h4 class=\"wp-block-heading has-medium-font-size\">\u00bfC\u00f3mo funciona el programa de afiliaci\u00f3n?<\/h4>\n\n\n\n<p class=\"has-small-font-size\" style=\"margin-top:12px\">Los socios reciben una comisi\u00f3n por cada venta realizada a trav\u00e9s de su recomendaci\u00f3n.<\/p>\n<\/div>\n\n\n\n<div class=\"wp-block-group is-layout-flow wp-block-group-is-layout-flow\">\n<h4 class=\"wp-block-heading has-medium-font-size\">\u00bfC\u00f3mo puedo adquirir los productos?<\/h4>\n\n\n\n<p class=\"has-small-font-size\" style=\"margin-top:12px\">Nuestros productos digitales pueden adquirirse directamente en la tienda en l\u00ednea Starx-Signals.com.<\/p>\n<\/div>\n\n\n\n<div class=\"wp-block-group is-layout-flow wp-block-group-is-layout-flow\">\n<h4 class=\"wp-block-heading has-medium-font-size\">\u00bfC\u00f3mo puedo obtener ayuda si tengo preguntas t\u00e9cnicas?<\/h4>\n\n\n\n<p class=\"has-small-font-size\" style=\"margin-top:12px\">Nuestro equipo de asistencia est\u00e1 disponible por correo electr\u00f3nico y chat para ayudarle r\u00e1pidamente.<\/p>\n<\/div>\n<\/div>\n<\/div>\n<\/div>\n<\/div>\n\n<div class=\"wp-block-group alignfull has-background-background-color has-background has-global-padding is-layout-constrained wp-container-core-group-is-layout-6fa30f3f wp-block-group-is-layout-constrained\" id=\"funktionen\" style=\"border-top-width:1px;margin-top:0;margin-bottom:0;padding-top:0;padding-right:0;padding-bottom:0;padding-left:0\">\n<div class=\"wp-block-columns alignwide is-layout-flex wp-container-core-columns-is-layout-28232c24 wp-block-columns-is-layout-flex\">\n<div class=\"wp-block-column is-layout-flow wp-block-column-is-layout-flow\" style=\"padding-top:var(--wp--preset--spacing--60);padding-right:var(--wp--preset--spacing--40);padding-bottom:var(--wp--preset--spacing--60);padding-left:var(--wp--preset--spacing--40)\">\n<div class=\"wp-block-group has-global-padding is-content-justification-left is-layout-constrained wp-container-core-group-is-layout-12dd3699 wp-block-group-is-layout-constrained\">\n<h2 class=\"wp-block-heading\">Benef\u00edciese de nuestro atractivo programa de afiliados<\/h2>\n\n\n\n<p style=\"margin-top:16px\">Descubra las caracter\u00edsticas principales que hacen de Starx-Signals.com su mejor opci\u00f3n en el comercio digital.<\/p>\n<\/div>\n<\/div>\n\n\n\n<div class=\"wp-block-column is-layout-flow wp-container-core-column-is-layout-650d693b wp-block-column-is-layout-flow\" style=\"padding-top:var(--wp--preset--spacing--60);padding-right:var(--wp--preset--spacing--40);padding-bottom:var(--wp--preset--spacing--60);padding-left:var(--wp--preset--spacing--40)\">\n<div class=\"wp-block-group has-global-padding is-content-justification-left is-layout-constrained wp-container-core-group-is-layout-12dd3699 wp-block-group-is-layout-constrained\">\n<h3 class=\"wp-block-heading\" style=\"font-size:clamp(14px, 0.875rem + ((1vw - 3.2px) * 0.625), 20px);line-height:1.5\">Amplia selecci\u00f3n de productos<\/h3>\n\n\n\n<p class=\"has-small-font-size\" style=\"margin-top:8px\">Elija entre diez productos comerciales cuidadosamente seleccionados.<\/p>\n<\/div>\n\n\n\n<div class=\"wp-block-group has-global-padding is-content-justification-left is-layout-constrained wp-container-core-group-is-layout-12dd3699 wp-block-group-is-layout-constrained\">\n<h3 class=\"wp-block-heading\" style=\"font-size:clamp(14px, 0.875rem + ((1vw - 3.2px) * 0.625), 20px);line-height:1.5\">Sistema de afiliaci\u00f3n integrado<\/h3>\n\n\n\n<p class=\"has-small-font-size\" style=\"margin-top:8px\">Gane atractivas comisiones intermediando nuestros productos.<\/p>\n<\/div>\n\n\n\n<div class=\"wp-block-group has-global-padding is-content-justification-left is-layout-constrained wp-container-core-group-is-layout-12dd3699 wp-block-group-is-layout-constrained\">\n<h3 class=\"wp-block-heading\" style=\"font-size:clamp(14px, 0.875rem + ((1vw - 3.2px) * 0.625), 20px);line-height:1.5\">Plataforma f\u00e1cil de usar<\/h3>\n\n\n\n<p class=\"has-small-font-size\" style=\"margin-top:8px\">Una tienda intuitiva para un comercio digital sin fisuras.<\/p>\n<\/div>\n\n\n\n<div class=\"wp-block-group has-global-padding is-content-justification-left is-layout-constrained wp-container-core-group-is-layout-12dd3699 wp-block-group-is-layout-constrained\">\n<h3 class=\"wp-block-heading\" style=\"font-size:clamp(14px, 0.875rem + ((1vw - 3.2px) * 0.625), 20px);line-height:1.5\">Se\u00f1ales del mercado<\/h3>\n\n\n\n<p class=\"has-small-font-size\" style=\"margin-top:8px\">Benef\u00edciese de se\u00f1ales de negociaci\u00f3n precisas y actualizadas.<\/p>\n<\/div>\n<\/div>\n<\/div>\n<\/div>\n\n<div class=\"wp-block-group alignfull has-tertiary-background-color has-background has-global-padding is-layout-constrained wp-container-core-group-is-layout-5d554796 wp-block-group-is-layout-constrained\" style=\"border-top-width:1px;margin-top:0;margin-bottom:0;padding-top:var(--wp--preset--spacing--60);padding-right:0;padding-bottom:var(--wp--preset--spacing--60);padding-left:0\">\n<div class=\"wp-block-columns alignwide are-vertically-aligned-center is-layout-flex wp-container-core-columns-is-layout-47c06fe3 wp-block-columns-is-layout-flex\">\n<div class=\"wp-block-column is-vertically-aligned-center is-layout-flow wp-block-column-is-layout-flow\">\n<figure class=\"wp-block-image aligncenter\"><img loading=\"lazy\" decoding=\"async\" width=\"1440\" height=\"960\" class=\"wp-image-191\" src=\"https:\/\/starx-signals.com\/wp-content\/uploads\/2025\/10\/afe41adbf1ae0240ae1f8943575e981c9c1b557e.jpg\" alt=\"\" style=\"aspect-ratio:1;object-fit:cover\" srcset=\"https:\/\/starx-signals.com\/wp-content\/uploads\/2025\/10\/afe41adbf1ae0240ae1f8943575e981c9c1b557e.jpg 1440w, https:\/\/starx-signals.com\/wp-content\/uploads\/2025\/10\/afe41adbf1ae0240ae1f8943575e981c9c1b557e-300x200.jpg 300w, https:\/\/starx-signals.com\/wp-content\/uploads\/2025\/10\/afe41adbf1ae0240ae1f8943575e981c9c1b557e-1024x683.jpg 1024w, https:\/\/starx-signals.com\/wp-content\/uploads\/2025\/10\/afe41adbf1ae0240ae1f8943575e981c9c1b557e-768x512.jpg 768w, https:\/\/starx-signals.com\/wp-content\/uploads\/2025\/10\/afe41adbf1ae0240ae1f8943575e981c9c1b557e-18x12.jpg 18w, https:\/\/starx-signals.com\/wp-content\/uploads\/2025\/10\/afe41adbf1ae0240ae1f8943575e981c9c1b557e-600x400.jpg 600w\" sizes=\"auto, (max-width: 1440px) 100vw, 1440px\" \/><\/figure>\n\n\n\n<h6 class=\"wp-block-heading has-text-align-center\" style=\"margin-top:16px\">Productos comerciales digitales para su \u00e9xito<\/h6>\n<\/div>\n\n\n\n<div class=\"wp-block-column is-vertically-aligned-center is-layout-flow wp-block-column-is-layout-flow\">\n<div class=\"wp-block-group has-global-padding is-content-justification-left is-layout-constrained wp-container-core-group-is-layout-12dd3699 wp-block-group-is-layout-constrained\">\n<h2 class=\"wp-block-heading\">Mejore ya sus resultados comerciales<\/h2>\n\n\n\n<p style=\"margin-top:16px\">Aqu\u00ed encontrar\u00e1 informaci\u00f3n sobre nuestras ofertas centradas en el valor a\u00f1adido y las ventajas para los comerciantes.<\/p>\n\n\n\n<div class=\"wp-block-buttons is-layout-flex wp-container-core-buttons-is-layout-12dcd427 wp-block-buttons-is-layout-flex\" style=\"margin-top:var(--wp--preset--spacing--40)\">\n<div class=\"wp-block-button\"><a class=\"wp-block-button__link wp-element-button\" href=\"https:\/\/starx-signals.com\/es\/angebote\/\">M\u00e1s informaci\u00f3n<\/a><\/div>\n<\/div>\n<\/div>\n<\/div>\n<\/div>\n<\/div>","protected":false},"excerpt":{"rendered":"<p>FAQ Digitale Trading-Signale und Tools Erfahren Sie hier, wie Sie schnell unsere Tradingprodukte ausw\u00e4hlen und von unserem Affiliate-Programm profitieren k\u00f6nnen. Was bietet Starx-Signals.com im Tradingbereich an? Wir bieten eine Auswahl von zehn digitalen Produkten f\u00fcr Trader sowie ein attraktives Partnerprogramm. Wie funktioniert das Affiliate-Programm? Partner erhalten eine Provision f\u00fcr jeden Verkauf, der \u00fcber ihre Empfehlung [&hellip;]<\/p>\n","protected":false},"author":1,"featured_media":0,"parent":0,"menu_order":0,"comment_status":"closed","ping_status":"closed","template":"no-title","meta":{"om_disable_all_campaigns":false,"_monsterinsights_skip_tracking":false,"_monsterinsights_sitenote_active":false,"_monsterinsights_sitenote_note":"","_monsterinsights_sitenote_category":0,"footnotes":""},"class_list":["post-26","page","type-page","status-publish","hentry"],"aioseo_notices":[],"_links":{"self":[{"href":"https:\/\/starx-signals.com\/es\/wp-json\/wp\/v2\/pages\/26","targetHints":{"allow":["GET"]}}],"collection":[{"href":"https:\/\/starx-signals.com\/es\/wp-json\/wp\/v2\/pages"}],"about":[{"href":"https:\/\/starx-signals.com\/es\/wp-json\/wp\/v2\/types\/page"}],"author":[{"embeddable":true,"href":"https:\/\/starx-signals.com\/es\/wp-json\/wp\/v2\/users\/1"}],"replies":[{"embeddable":true,"href":"https:\/\/starx-signals.com\/es\/wp-json\/wp\/v2\/comments?post=26"}],"version-history":[{"count":2,"href":"https:\/\/starx-signals.com\/es\/wp-json\/wp\/v2\/pages\/26\/revisions"}],"predecessor-version":[{"id":192,"href":"https:\/\/starx-signals.com\/es\/wp-json\/wp\/v2\/pages\/26\/revisions\/192"}],"wp:attachment":[{"href":"https:\/\/starx-signals.com\/es\/wp-json\/wp\/v2\/media?parent=26"}],"curies":[{"name":"wp","href":"https:\/\/api.w.org\/{rel}","templated":true}]}}