{"id":106,"date":"2025-06-03T08:47:52","date_gmt":"2025-06-03T08:47:52","guid":{"rendered":"https:\/\/starx-signals.com\/?page_id=106"},"modified":"2025-10-24T00:39:34","modified_gmt":"2025-10-24T00:39:34","slug":"contrasena-olvidada","status":"publish","type":"page","link":"https:\/\/starx-signals.com\/es\/contrasena-olvidada\/","title":{"rendered":"Contrase\u00f1a olvidada"},"content":{"rendered":"<div class=\"wp-block-group alignfull has-background-background-color has-background has-global-padding is-layout-constrained wp-container-core-group-is-layout-9b19db8b wp-block-group-is-layout-constrained\" style=\"margin-top:0;margin-bottom:0;padding-top:var(--wp--preset--spacing--60);padding-right:var(--wp--preset--spacing--30);padding-bottom:var(--wp--preset--spacing--60);padding-left:var(--wp--preset--spacing--30)\">\n<div class=\"wp-block-media-text alignwide has-media-on-the-right is-stacked-on-mobile is-vertically-aligned-center is-image-fill-element\" style=\"padding-right:0;padding-left:0;grid-template-columns:auto 40%\"><div class=\"wp-block-media-text__content\">\n<div class=\"wp-block-group has-global-padding is-content-justification-left is-layout-constrained wp-container-core-group-is-layout-cdff7eec wp-block-group-is-layout-constrained\" style=\"padding-top:var(--wp--preset--spacing--30);padding-right:0;padding-bottom:var(--wp--preset--spacing--30);padding-left:0\">\n<h2 class=\"wp-block-heading has-large-font-size\">Restablecer contrase\u00f1a<\/h2>\n\n\n\n<p style=\"margin-top:16px\">Utilice nuestro formulario seguro para recuperar su contrase\u00f1a de forma r\u00e1pida y sencilla.<\/p>\n\n\n\n<ul style=\"line-height:2\" class=\"wp-block-list has-small-font-size\">\n<li>Formulario seguro<\/li>\n\n\n\n<li>Recuperaci\u00f3n r\u00e1pida<\/li>\n\n\n\n<li>Facilidad de uso<\/li>\n\n\n\n<li>Protecci\u00f3n de datos garantizada<\/li>\n\n\n\n<li>Asistencia 24\/7<\/li>\n<\/ul>\n\n\n\n<div class=\"wp-block-buttons is-layout-flex wp-container-core-buttons-is-layout-12dcd427 wp-block-buttons-is-layout-flex\" style=\"margin-top:var(--wp--preset--spacing--40)\">\n<div class=\"wp-block-button\"><a class=\"wp-block-button__link wp-element-button\" href=\"https:\/\/starx-signals.com\/es\/restablecer-contrasena\/\">Restablecer contrase\u00f1a<\/a><\/div>\n<\/div>\n<\/div>\n<\/div><figure class=\"wp-block-media-text__media\"><img loading=\"lazy\" decoding=\"async\" width=\"1440\" height=\"960\" class=\"wp-image-201 size-full\" src=\"https:\/\/starx-signals.com\/wp-content\/uploads\/2025\/10\/b9aa9437c7fb4b9293fd9175275daae8eafa7664.jpg\" alt=\"\" style=\"object-position:50% 50%\" srcset=\"https:\/\/starx-signals.com\/wp-content\/uploads\/2025\/10\/b9aa9437c7fb4b9293fd9175275daae8eafa7664.jpg 1440w, https:\/\/starx-signals.com\/wp-content\/uploads\/2025\/10\/b9aa9437c7fb4b9293fd9175275daae8eafa7664-300x200.jpg 300w, https:\/\/starx-signals.com\/wp-content\/uploads\/2025\/10\/b9aa9437c7fb4b9293fd9175275daae8eafa7664-1024x683.jpg 1024w, https:\/\/starx-signals.com\/wp-content\/uploads\/2025\/10\/b9aa9437c7fb4b9293fd9175275daae8eafa7664-768x512.jpg 768w, https:\/\/starx-signals.com\/wp-content\/uploads\/2025\/10\/b9aa9437c7fb4b9293fd9175275daae8eafa7664-18x12.jpg 18w, https:\/\/starx-signals.com\/wp-content\/uploads\/2025\/10\/b9aa9437c7fb4b9293fd9175275daae8eafa7664-600x400.jpg 600w\" sizes=\"auto, (max-width: 1440px) 100vw, 1440px\" \/><\/figure><\/div>\n<\/div>\n\n\n<div class=\"wppb_holder\" id=\"wppb-recover-password-container\">\t<form enctype=\"multipart\/form-data\" method=\"post\" id=\"wppb-recover-password\" class=\"wppb-user-forms\" action=\"https:\/\/starx-signals.com\/es\/wp-json\/wp\/v2\/pages\/106\" data-trp-original-action=\"https:\/\/starx-signals.com\/es\/wp-json\/wp\/v2\/pages\/106\">\n\t<p>Introduzca su nombre de usuario o direcci\u00f3n de correo electr\u00f3nico.<br \/>Recibir\u00e1 por correo electr\u00f3nico un enlace para crear una nueva contrase\u00f1a.<\/p><ul>\n\t\t\t<li class=\"wppb-form-field wppb-username-email\">\n\t\t\t\t<label for=\"username_email\">Nombre de usuario o correo electr\u00f3nico<\/label>\n\t\t\t\t<input class=\"text-input\" name=\"username_email\" type=\"text\" id=\"username_email\" value=\"\"  \/>\n\t\t\t<\/li><!-- .username_email --><\/ul>\t<p class=\"form-submit\">\n\t\t\t\t<input name=\"recover_password\" type=\"submit\" id=\"wppb-recover-password-button\" class=\"submit button\" value=\"Get Reset Link\" \/>\n\t\t<input name=\"action\" type=\"hidden\" id=\"action\" value=\"recover_password\" \/>\n\t<\/p>\n\t<input type=\"hidden\" id=\"password_recovery_nonce_field\" name=\"password_recovery_nonce_field\" value=\"8c7fa55854\" \/><input type=\"hidden\" name=\"_wp_http_referer\" value=\"\/es\/wp-json\/wp\/v2\/pages\/106\" \/>\t<input type=\"hidden\" name=\"trp-form-language\" value=\"es\"\/><\/form>\n\t<\/div>\n\n\n\n<p><\/p>","protected":false},"excerpt":{"rendered":"<p>Setzen Sie jetzt Ihr Passwort zur\u00fcck Nutzen Sie unser sicheres Formular, um Ihr Passwort schnell und einfach wiederherzustellen.<\/p>","protected":false},"author":2,"featured_media":0,"parent":0,"menu_order":0,"comment_status":"closed","ping_status":"closed","template":"no-title","meta":{"om_disable_all_campaigns":false,"_monsterinsights_skip_tracking":false,"_monsterinsights_sitenote_active":false,"_monsterinsights_sitenote_note":"","_monsterinsights_sitenote_category":0,"footnotes":""},"class_list":["post-106","page","type-page","status-publish","hentry"],"aioseo_notices":[],"_links":{"self":[{"href":"https:\/\/starx-signals.com\/es\/wp-json\/wp\/v2\/pages\/106","targetHints":{"allow":["GET"]}}],"collection":[{"href":"https:\/\/starx-signals.com\/es\/wp-json\/wp\/v2\/pages"}],"about":[{"href":"https:\/\/starx-signals.com\/es\/wp-json\/wp\/v2\/types\/page"}],"author":[{"embeddable":true,"href":"https:\/\/starx-signals.com\/es\/wp-json\/wp\/v2\/users\/2"}],"replies":[{"embeddable":true,"href":"https:\/\/starx-signals.com\/es\/wp-json\/wp\/v2\/comments?post=106"}],"version-history":[{"count":3,"href":"https:\/\/starx-signals.com\/es\/wp-json\/wp\/v2\/pages\/106\/revisions"}],"predecessor-version":[{"id":202,"href":"https:\/\/starx-signals.com\/es\/wp-json\/wp\/v2\/pages\/106\/revisions\/202"}],"wp:attachment":[{"href":"https:\/\/starx-signals.com\/es\/wp-json\/wp\/v2\/media?parent=106"}],"curies":[{"name":"wp","href":"https:\/\/api.w.org\/{rel}","templated":true}]}}