{"id":26,"date":"2025-05-29T11:35:39","date_gmt":"2025-05-29T11:35:39","guid":{"rendered":"https:\/\/starx-signals.com\/faq\/"},"modified":"2025-10-24T00:39:32","modified_gmt":"2025-10-24T00:39:32","slug":"faq","status":"publish","type":"page","link":"https:\/\/starx-signals.com\/en\/faq\/","title":{"rendered":"FAQ"},"content":{"rendered":"<div class=\"wp-block-group alignfull has-background-background-color has-background has-global-padding is-content-justification-center is-layout-constrained wp-container-core-group-is-layout-e175ef04 wp-block-group-is-layout-constrained\" style=\"border-top-width:1px;margin-top:0;margin-bottom:0;padding-top:var(--wp--preset--spacing--30);padding-right:var(--wp--preset--spacing--30);padding-bottom:var(--wp--preset--spacing--30);padding-left:var(--wp--preset--spacing--30)\">\n<h1 class=\"wp-block-heading alignwide\" style=\"font-size:clamp(0.984rem, 0.984rem + ((1vw - 0.2rem) * 0.86), 1.5rem);\">FAQ<\/h1>\n<\/div>\n\n<div class=\"wp-block-group alignfull has-tertiary-background-color has-background has-global-padding is-layout-constrained wp-container-core-group-is-layout-7d1597ee wp-block-group-is-layout-constrained\" id=\"h\u00e4ufig-gestellte-fragen\" style=\"border-top-width:1px;margin-top:0;margin-bottom:0;padding-top:var(--wp--preset--spacing--60);padding-right:0;padding-bottom:var(--wp--preset--spacing--60);padding-left:0\">\n<div class=\"wp-block-columns alignwide is-layout-flex wp-container-core-columns-is-layout-9a01b68c wp-block-columns-is-layout-flex\">\n<div class=\"wp-block-column is-layout-flow wp-block-column-is-layout-flow\">\n<div class=\"wp-block-group has-global-padding is-layout-constrained wp-block-group-is-layout-constrained\">\n<h2 class=\"wp-block-heading\">Digital trading signals and tools<\/h2>\n\n\n\n<p style=\"margin-top:16px\">Find out here how you can quickly select our trading products and benefit from our affiliate programme.<\/p>\n<\/div>\n<\/div>\n\n\n\n<div class=\"wp-block-column is-layout-flow wp-block-column-is-layout-flow\">\n<div class=\"wp-block-group has-global-padding is-layout-constrained wp-block-group-is-layout-constrained\">\n<div class=\"wp-block-group is-layout-flow wp-block-group-is-layout-flow\">\n<h4 class=\"wp-block-heading has-medium-font-size\">What does Starx-Signals.com offer in the trading area?<\/h4>\n\n\n\n<p class=\"has-small-font-size\" style=\"margin-top:12px\">We offer a selection of ten digital products for traders as well as an attractive partner programme.<\/p>\n<\/div>\n\n\n\n<div class=\"wp-block-group is-layout-flow wp-block-group-is-layout-flow\">\n<h4 class=\"wp-block-heading has-medium-font-size\">How does the affiliate programme work?<\/h4>\n\n\n\n<p class=\"has-small-font-size\" style=\"margin-top:12px\">Partners receive a commission for every sale made through their recommendation.<\/p>\n<\/div>\n\n\n\n<div class=\"wp-block-group is-layout-flow wp-block-group-is-layout-flow\">\n<h4 class=\"wp-block-heading has-medium-font-size\">How can I purchase the products?<\/h4>\n\n\n\n<p class=\"has-small-font-size\" style=\"margin-top:12px\">Our digital products can be purchased directly from the Starx-Signals.com online shop.<\/p>\n<\/div>\n\n\n\n<div class=\"wp-block-group is-layout-flow wp-block-group-is-layout-flow\">\n<h4 class=\"wp-block-heading has-medium-font-size\">How can I get support with technical questions?<\/h4>\n\n\n\n<p class=\"has-small-font-size\" style=\"margin-top:12px\">Our support team is available via email and chat to help you quickly.<\/p>\n<\/div>\n<\/div>\n<\/div>\n<\/div>\n<\/div>\n\n<div class=\"wp-block-group alignfull has-background-background-color has-background has-global-padding is-layout-constrained wp-container-core-group-is-layout-6fa30f3f wp-block-group-is-layout-constrained\" id=\"funktionen\" style=\"border-top-width:1px;margin-top:0;margin-bottom:0;padding-top:0;padding-right:0;padding-bottom:0;padding-left:0\">\n<div class=\"wp-block-columns alignwide is-layout-flex wp-container-core-columns-is-layout-28232c24 wp-block-columns-is-layout-flex\">\n<div class=\"wp-block-column is-layout-flow wp-block-column-is-layout-flow\" style=\"padding-top:var(--wp--preset--spacing--60);padding-right:var(--wp--preset--spacing--40);padding-bottom:var(--wp--preset--spacing--60);padding-left:var(--wp--preset--spacing--40)\">\n<div class=\"wp-block-group has-global-padding is-content-justification-left is-layout-constrained wp-container-core-group-is-layout-12dd3699 wp-block-group-is-layout-constrained\">\n<h2 class=\"wp-block-heading\">Benefit from our attractive affiliate programme<\/h2>\n\n\n\n<p style=\"margin-top:16px\">Discover the core features that make Starx-Signals.com your best choice in digital trading.<\/p>\n<\/div>\n<\/div>\n\n\n\n<div class=\"wp-block-column is-layout-flow wp-container-core-column-is-layout-650d693b wp-block-column-is-layout-flow\" style=\"padding-top:var(--wp--preset--spacing--60);padding-right:var(--wp--preset--spacing--40);padding-bottom:var(--wp--preset--spacing--60);padding-left:var(--wp--preset--spacing--40)\">\n<div class=\"wp-block-group has-global-padding is-content-justification-left is-layout-constrained wp-container-core-group-is-layout-12dd3699 wp-block-group-is-layout-constrained\">\n<h3 class=\"wp-block-heading\" style=\"font-size:clamp(14px, 0.875rem + ((1vw - 3.2px) * 0.625), 20px);line-height:1.5\">Extensive product selection<\/h3>\n\n\n\n<p class=\"has-small-font-size\" style=\"margin-top:8px\">Choose from ten carefully curated trading products.<\/p>\n<\/div>\n\n\n\n<div class=\"wp-block-group has-global-padding is-content-justification-left is-layout-constrained wp-container-core-group-is-layout-12dd3699 wp-block-group-is-layout-constrained\">\n<h3 class=\"wp-block-heading\" style=\"font-size:clamp(14px, 0.875rem + ((1vw - 3.2px) * 0.625), 20px);line-height:1.5\">Integrated affiliate system<\/h3>\n\n\n\n<p class=\"has-small-font-size\" style=\"margin-top:8px\">Earn attractive commissions by brokering our products.<\/p>\n<\/div>\n\n\n\n<div class=\"wp-block-group has-global-padding is-content-justification-left is-layout-constrained wp-container-core-group-is-layout-12dd3699 wp-block-group-is-layout-constrained\">\n<h3 class=\"wp-block-heading\" style=\"font-size:clamp(14px, 0.875rem + ((1vw - 3.2px) * 0.625), 20px);line-height:1.5\">User-friendly platform<\/h3>\n\n\n\n<p class=\"has-small-font-size\" style=\"margin-top:8px\">An intuitive shop for seamless digital commerce.<\/p>\n<\/div>\n\n\n\n<div class=\"wp-block-group has-global-padding is-content-justification-left is-layout-constrained wp-container-core-group-is-layout-12dd3699 wp-block-group-is-layout-constrained\">\n<h3 class=\"wp-block-heading\" style=\"font-size:clamp(14px, 0.875rem + ((1vw - 3.2px) * 0.625), 20px);line-height:1.5\">Market signals<\/h3>\n\n\n\n<p class=\"has-small-font-size\" style=\"margin-top:8px\">Benefit from precise and up-to-date trading signals.<\/p>\n<\/div>\n<\/div>\n<\/div>\n<\/div>\n\n<div class=\"wp-block-group alignfull has-tertiary-background-color has-background has-global-padding is-layout-constrained wp-container-core-group-is-layout-5d554796 wp-block-group-is-layout-constrained\" style=\"border-top-width:1px;margin-top:0;margin-bottom:0;padding-top:var(--wp--preset--spacing--60);padding-right:0;padding-bottom:var(--wp--preset--spacing--60);padding-left:0\">\n<div class=\"wp-block-columns alignwide are-vertically-aligned-center is-layout-flex wp-container-core-columns-is-layout-47c06fe3 wp-block-columns-is-layout-flex\">\n<div class=\"wp-block-column is-vertically-aligned-center is-layout-flow wp-block-column-is-layout-flow\">\n<figure class=\"wp-block-image aligncenter\"><img loading=\"lazy\" decoding=\"async\" width=\"1440\" height=\"960\" class=\"wp-image-191\" src=\"https:\/\/starx-signals.com\/wp-content\/uploads\/2025\/10\/afe41adbf1ae0240ae1f8943575e981c9c1b557e.jpg\" alt=\"\" style=\"aspect-ratio:1;object-fit:cover\" srcset=\"https:\/\/starx-signals.com\/wp-content\/uploads\/2025\/10\/afe41adbf1ae0240ae1f8943575e981c9c1b557e.jpg 1440w, https:\/\/starx-signals.com\/wp-content\/uploads\/2025\/10\/afe41adbf1ae0240ae1f8943575e981c9c1b557e-300x200.jpg 300w, https:\/\/starx-signals.com\/wp-content\/uploads\/2025\/10\/afe41adbf1ae0240ae1f8943575e981c9c1b557e-1024x683.jpg 1024w, https:\/\/starx-signals.com\/wp-content\/uploads\/2025\/10\/afe41adbf1ae0240ae1f8943575e981c9c1b557e-768x512.jpg 768w, https:\/\/starx-signals.com\/wp-content\/uploads\/2025\/10\/afe41adbf1ae0240ae1f8943575e981c9c1b557e-18x12.jpg 18w, https:\/\/starx-signals.com\/wp-content\/uploads\/2025\/10\/afe41adbf1ae0240ae1f8943575e981c9c1b557e-600x400.jpg 600w\" sizes=\"auto, (max-width: 1440px) 100vw, 1440px\" \/><\/figure>\n\n\n\n<h6 class=\"wp-block-heading has-text-align-center\" style=\"margin-top:16px\">Digital trading products for your success<\/h6>\n<\/div>\n\n\n\n<div class=\"wp-block-column is-vertically-aligned-center is-layout-flow wp-block-column-is-layout-flow\">\n<div class=\"wp-block-group has-global-padding is-content-justification-left is-layout-constrained wp-container-core-group-is-layout-12dd3699 wp-block-group-is-layout-constrained\">\n<h2 class=\"wp-block-heading\">Improve your trading results now<\/h2>\n\n\n\n<p style=\"margin-top:16px\">Here you will find information on our offers focussing on added value and benefits for traders.<\/p>\n\n\n\n<div class=\"wp-block-buttons is-layout-flex wp-container-core-buttons-is-layout-12dcd427 wp-block-buttons-is-layout-flex\" style=\"margin-top:var(--wp--preset--spacing--40)\">\n<div class=\"wp-block-button\"><a class=\"wp-block-button__link wp-element-button\" href=\"https:\/\/starx-signals.com\/en\/angebote\/\">Learn more<\/a><\/div>\n<\/div>\n<\/div>\n<\/div>\n<\/div>\n<\/div>","protected":false},"excerpt":{"rendered":"<p>FAQ Digitale Trading-Signale und Tools Erfahren Sie hier, wie Sie schnell unsere Tradingprodukte ausw\u00e4hlen und von unserem Affiliate-Programm profitieren k\u00f6nnen. Was bietet Starx-Signals.com im Tradingbereich an? Wir bieten eine Auswahl von zehn digitalen Produkten f\u00fcr Trader sowie ein attraktives Partnerprogramm. Wie funktioniert das Affiliate-Programm? Partner erhalten eine Provision f\u00fcr jeden Verkauf, der \u00fcber ihre Empfehlung [&hellip;]<\/p>\n","protected":false},"author":1,"featured_media":0,"parent":0,"menu_order":0,"comment_status":"closed","ping_status":"closed","template":"no-title","meta":{"om_disable_all_campaigns":false,"_monsterinsights_skip_tracking":false,"_monsterinsights_sitenote_active":false,"_monsterinsights_sitenote_note":"","_monsterinsights_sitenote_category":0,"footnotes":""},"class_list":["post-26","page","type-page","status-publish","hentry"],"aioseo_notices":[],"_links":{"self":[{"href":"https:\/\/starx-signals.com\/en\/wp-json\/wp\/v2\/pages\/26","targetHints":{"allow":["GET"]}}],"collection":[{"href":"https:\/\/starx-signals.com\/en\/wp-json\/wp\/v2\/pages"}],"about":[{"href":"https:\/\/starx-signals.com\/en\/wp-json\/wp\/v2\/types\/page"}],"author":[{"embeddable":true,"href":"https:\/\/starx-signals.com\/en\/wp-json\/wp\/v2\/users\/1"}],"replies":[{"embeddable":true,"href":"https:\/\/starx-signals.com\/en\/wp-json\/wp\/v2\/comments?post=26"}],"version-history":[{"count":2,"href":"https:\/\/starx-signals.com\/en\/wp-json\/wp\/v2\/pages\/26\/revisions"}],"predecessor-version":[{"id":192,"href":"https:\/\/starx-signals.com\/en\/wp-json\/wp\/v2\/pages\/26\/revisions\/192"}],"wp:attachment":[{"href":"https:\/\/starx-signals.com\/en\/wp-json\/wp\/v2\/media?parent=26"}],"curies":[{"name":"wp","href":"https:\/\/api.w.org\/{rel}","templated":true}]}}